{"id":3,"date":"2023-01-25T12:32:10","date_gmt":"2023-01-25T12:32:10","guid":{"rendered":"https:\/\/climarenas.com\/?page_id=3"},"modified":"2023-12-04T06:48:34","modified_gmt":"2023-12-04T06:48:34","slug":"aviso-legal","status":"publish","type":"page","link":"https:\/\/climarenas.com\/index.php\/aviso-legal\/","title":{"rendered":"Aviso Legal"},"content":{"rendered":"\t\t<div data-elementor-type=\"wp-page\" data-elementor-id=\"3\" class=\"elementor elementor-3\">\n\t\t\t\t\t\t\t<div class=\"elementor-element elementor-element-1c95d63d e-flex e-con-boxed e-con e-parent\" data-id=\"1c95d63d\" data-element_type=\"container\" data-settings=\"{&quot;content_width&quot;:&quot;boxed&quot;}\" data-core-v316-plus=\"true\">\n\t\t\t\t\t<div class=\"e-con-inner\">\n\t\t\t\t<div class=\"elementor-element elementor-element-34cffee2 elementor-widget elementor-widget-text-editor\" data-id=\"34cffee2\" data-element_type=\"widget\" data-widget_type=\"text-editor.default\">\n\t\t\t\t<div class=\"elementor-widget-container\">\n\t\t\t<style>\/*! elementor - v3.17.0 - 08-11-2023 *\/\n.elementor-widget-text-editor.elementor-drop-cap-view-stacked .elementor-drop-cap{background-color:#69727d;color:#fff}.elementor-widget-text-editor.elementor-drop-cap-view-framed .elementor-drop-cap{color:#69727d;border:3px solid;background-color:transparent}.elementor-widget-text-editor:not(.elementor-drop-cap-view-default) .elementor-drop-cap{margin-top:8px}.elementor-widget-text-editor:not(.elementor-drop-cap-view-default) .elementor-drop-cap-letter{width:1em;height:1em}.elementor-widget-text-editor .elementor-drop-cap{float:left;text-align:center;line-height:1;font-size:50px}.elementor-widget-text-editor .elementor-drop-cap-letter{display:inline-block}<\/style>\t\t\t\t<p><!-- wp:heading --><\/p>\n<h5>Encargado<\/h5>\n<p><!-- \/wp:heading --><!-- wp:paragraph --><\/p>\n<p><span style=\"color: #333344;\"><span style=\"font-family: Maven Pro, serif;\"><span style=\"font-family: Times New Roman, serif;\">Sergio Arenas Romero<\/span><\/span><\/span><\/p>\n<p><span style=\"color: #333344;\"><span style=\"font-family: Maven Pro, serif;\"><span style=\"font-family: Times New Roman, serif;\">NIF: 44291823X<\/span><\/span><\/span><\/p>\n<p><span style=\"color: #333344;\"><span style=\"font-family: Maven Pro, serif;\"><span style=\"font-family: Times New Roman, serif;\">C\/ Mecedero, 11<\/span><\/span><\/span><\/p>\n<p><span style=\"color: #333344;\"><span style=\"font-family: Maven Pro, serif;\"><span style=\"font-family: Times New Roman, serif;\">23690 Frailes (Ja\u00e9n)<\/span><\/span><\/span><\/p>\n<p><!-- \/wp:paragraph --><!-- wp:heading --><\/p>\n<h5>Contacto<\/h5>\n<p><!-- \/wp:heading --><!-- wp:paragraph --><\/p>\n<p><span style=\"color: #333344;\"><span style=\"font-family: Maven Pro, serif;\"><span style=\"font-family: Times New Roman, serif;\">Tel\u00e9fono de contacto y Asistencia T\u00e9cnica: +34 652 58 57 10\u00a0<br \/>E-mail: sergio@climarenas.com<\/span><\/span><\/span><\/p>\n<p><!-- \/wp:paragraph --><!-- wp:heading --><\/p>\n<h5>Registro Integrado Industrial<\/h5>\n<p><!-- \/wp:heading --><!-- wp:paragraph --><\/p>\n<p><span style=\"color: #333344;\"><span style=\"font-family: Maven Pro, serif;\"><span style=\"font-family: Times New Roman, serif;\">-Empresa Instaladora, reparadora, mantenedora y conservadora de Instalaciones T\u00e9rmicas de Edificios (RITE)<\/span><\/span><\/span><\/p>\n<p><span style=\"color: #333344;\"><span style=\"font-family: Maven Pro, serif;\"><span style=\"font-family: Times New Roman, serif;\">-Empresa Instaladora Frigorista Nivel 1 (RSIF)<\/span><\/span><\/span><\/p>\n<p><span style=\"color: #333344;\"><span style=\"font-family: Maven Pro, serif;\"><span style=\"font-family: Times New Roman, serif;\">-Empresa Instaladora Gas Categor\u00eda B<\/span><\/span><\/span><\/p>\n<p><span style=\"color: #333344;\"><span style=\"font-family: Maven Pro, serif;\"><span style=\"font-family: Times New Roman, serif;\">-Empresa Instaladora Baja Tensi\u00f3n Categor\u00eda B\u00e1sica<\/span><\/span><\/span><\/p>\n<p><!-- \/wp:paragraph --><!-- wp:heading --><\/p>\n<p>\u00a0<\/p>\n<p><!-- \/wp:paragraph --><\/p>\t\t\t\t\t\t<\/div>\n\t\t\t\t<\/div>\n\t\t\t\t\t<\/div>\n\t\t\t\t<\/div>\n\t\t\t\t\t\t\t<\/div>\n\t\t","protected":false},"excerpt":{"rendered":"<p>Encargado Sergio Arenas Romero NIF: 44291823X C\/ Mecedero, 11 23690 Frailes (Ja\u00e9n) Contacto Tel\u00e9fono de contacto y Asistencia T\u00e9cnica: +34 652 58 57 10\u00a0E-mail: sergio@climarenas.com Registro Integrado Industrial -Empresa Instaladora, reparadora, mantenedora y conservadora de Instalaciones T\u00e9rmicas de Edificios (RITE) -Empresa Instaladora Frigorista Nivel 1 (RSIF) -Empresa Instaladora Gas Categor\u00eda B -Empresa Instaladora Baja Tensi\u00f3n &hellip;<\/p>\n<p class=\"read-more\"> <a class=\"\" href=\"https:\/\/climarenas.com\/index.php\/aviso-legal\/\"> <span class=\"screen-reader-text\">Aviso Legal<\/span> Leer m\u00e1s &raquo;<\/a><\/p>\n","protected":false},"author":1,"featured_media":0,"parent":0,"menu_order":0,"comment_status":"closed","ping_status":"closed","template":"","meta":{"site-sidebar-layout":"default","site-content-layout":"","ast-site-content-layout":"","site-content-style":"default","site-sidebar-style":"default","ast-global-header-display":"","ast-banner-title-visibility":"","ast-main-header-display":"","ast-hfb-above-header-display":"","ast-hfb-below-header-display":"","ast-hfb-mobile-header-display":"","site-post-title":"","ast-breadcrumbs-content":"","ast-featured-img":"","footer-sml-layout":"","theme-transparent-header-meta":"","adv-header-id-meta":"","stick-header-meta":"","header-above-stick-meta":"","header-main-stick-meta":"","header-below-stick-meta":"","astra-migrate-meta-layouts":"","ast-page-background-enabled":"default","ast-page-background-meta":{"desktop":{"background-color":"","background-image":"","background-repeat":"repeat","background-position":"center center","background-size":"auto","background-attachment":"scroll","background-type":"","background-media":"","overlay-type":"","overlay-color":"","overlay-gradient":""},"tablet":{"background-color":"","background-image":"","background-repeat":"repeat","background-position":"center center","background-size":"auto","background-attachment":"scroll","background-type":"","background-media":"","overlay-type":"","overlay-color":"","overlay-gradient":""},"mobile":{"background-color":"","background-image":"","background-repeat":"repeat","background-position":"center center","background-size":"auto","background-attachment":"scroll","background-type":"","background-media":"","overlay-type":"","overlay-color":"","overlay-gradient":""}},"ast-content-background-meta":{"desktop":{"background-color":"var(--ast-global-color-5)","background-image":"","background-repeat":"repeat","background-position":"center center","background-size":"auto","background-attachment":"scroll","background-type":"","background-media":"","overlay-type":"","overlay-color":"","overlay-gradient":""},"tablet":{"background-color":"var(--ast-global-color-5)","background-image":"","background-repeat":"repeat","background-position":"center center","background-size":"auto","background-attachment":"scroll","background-type":"","background-media":"","overlay-type":"","overlay-color":"","overlay-gradient":""},"mobile":{"background-color":"var(--ast-global-color-5)","background-image":"","background-repeat":"repeat","background-position":"center center","background-size":"auto","background-attachment":"scroll","background-type":"","background-media":"","overlay-type":"","overlay-color":"","overlay-gradient":""}},"footnotes":""},"class_list":["post-3","page","type-page","status-publish","hentry"],"_links":{"self":[{"href":"https:\/\/climarenas.com\/index.php\/wp-json\/wp\/v2\/pages\/3","targetHints":{"allow":["GET"]}}],"collection":[{"href":"https:\/\/climarenas.com\/index.php\/wp-json\/wp\/v2\/pages"}],"about":[{"href":"https:\/\/climarenas.com\/index.php\/wp-json\/wp\/v2\/types\/page"}],"author":[{"embeddable":true,"href":"https:\/\/climarenas.com\/index.php\/wp-json\/wp\/v2\/users\/1"}],"replies":[{"embeddable":true,"href":"https:\/\/climarenas.com\/index.php\/wp-json\/wp\/v2\/comments?post=3"}],"version-history":[{"count":7,"href":"https:\/\/climarenas.com\/index.php\/wp-json\/wp\/v2\/pages\/3\/revisions"}],"predecessor-version":[{"id":1327,"href":"https:\/\/climarenas.com\/index.php\/wp-json\/wp\/v2\/pages\/3\/revisions\/1327"}],"wp:attachment":[{"href":"https:\/\/climarenas.com\/index.php\/wp-json\/wp\/v2\/media?parent=3"}],"curies":[{"name":"wp","href":"https:\/\/api.w.org\/{rel}","templated":true}]}}